{"id":8,"date":"2020-06-09T17:54:38","date_gmt":"2020-06-09T17:54:38","guid":{"rendered":"https:\/\/saintalbansportsante.wordpress.com\/?page_id=5"},"modified":"2025-09-01T11:00:12","modified_gmt":"2025-09-01T09:00:12","slug":"blog","status":"publish","type":"page","link":"https:\/\/saintalbansportsante.fr\/","title":{"rendered":"SAINT ALBAN SPORT SANT\u00c9"},"content":{"rendered":"\n<p class=\"has-large-font-size\"><strong><span class=\"uppercase\"><mark style=\"background-color:rgba(0, 0, 0, 0);\" class=\"has-inline-color has-light-gray-color\">Ann\u00e9e 2025- 2026 :<\/mark><\/span><\/strong><\/p>\n\n\n\n<p class=\"has-x-large-font-size\">Reprise des s\u00e9ances le 08 septembre !<\/p>\n\n\n\n<p class=\"has-x-large-font-size\">Vous pouvez adh\u00e9rer et payer en ligne, plus besoin de papier.<\/p>\n\n\n\n<p><\/p>\n\n\n\n<div class=\"wp-block-group alignfull has-foreground-dark-background-color has-background is-layout-flow wp-block-group-is-layout-flow\">\n<div class=\"wp-block-cover alignfull is-light is-style-default\" style=\"min-height:300px;aspect-ratio:unset;\"><img decoding=\"async\" class=\"wp-block-cover__image-background wp-image-120\" alt=\"\" src=\"http:\/\/saintalbansportsante.fr\/wp-content\/uploads\/2020\/06\/lac-2.jpg\" style=\"object-position:54% 50%\" data-object-fit=\"cover\" data-object-position=\"54% 50%\"\/><span aria-hidden=\"true\" class=\"wp-block-cover__background has-background-dim-40 has-background-dim\"><\/span><div class=\"wp-block-cover__inner-container is-layout-flow wp-block-cover-is-layout-flow\">\n<p style=\"font-size:clamp(42.068px, 2.629rem + ((1vw - 3.2px) * 4.31), 80px);line-height:2.5\"><strong>OSEZ Bouger &#8211; VENEZ Bouger<\/strong><\/p>\n\n\n\n<h5 class=\"wp-block-heading has-text-align-center has-x-large-font-size\" id=\"pour-tous-ceux-qui-ont-envie-et-qui-n-osent-pas-s-inscrire-a-une-activite-en-pensant-que-ca-va-etre-trop-dur\" style=\"text-transform:capitalize\">Pour tous ceux qui ont envie et qui n\u2019osent pas s\u2019inscrire \u00e0 une activit\u00e9 en pensant que \u00e7a va \u00eatre trop dur.<\/h5>\n\n\n\n<p class=\"has-medium-font-size\"><strong>Nous esp\u00e9rons que vous trouverez toutes les informations que vous cherchez. N&rsquo;h\u00e9sitez pas \u00e0 nous faire part de vos remarques \u00e0 la rubrique <a rel=\"noreferrer noopener\" href=\"https:\/\/saintalbansportsante.wordpress.com\/contact\/\" target=\"_blank\">Contact<\/a>.<\/strong><\/p>\n<\/div><\/div>\n\n\n\n<p><\/p>\n<\/div>\n\n\n\n<p><\/p>\n\n\n\n<p><\/p>\n\n\n\n<figure class=\"wp-block-image aligncenter size-large is-resized\"><img loading=\"lazy\" decoding=\"async\" width=\"1000\" height=\"1000\" src=\"http:\/\/saintalbansportsante.fr\/wp-content\/uploads\/2020\/09\/logo_bsp_png_fond_transparent_modif-1.png?w=1000\" alt=\"\" class=\"wp-image-223\" style=\"width:162px;height:162px\" srcset=\"https:\/\/saintalbansportsante.fr\/wp-content\/uploads\/2020\/09\/logo_bsp_png_fond_transparent_modif-1.png 1000w, https:\/\/saintalbansportsante.fr\/wp-content\/uploads\/2020\/09\/logo_bsp_png_fond_transparent_modif-1-300x300.png 300w, https:\/\/saintalbansportsante.fr\/wp-content\/uploads\/2020\/09\/logo_bsp_png_fond_transparent_modif-1-150x150.png 150w, https:\/\/saintalbansportsante.fr\/wp-content\/uploads\/2020\/09\/logo_bsp_png_fond_transparent_modif-1-768x768.png 768w\" sizes=\"auto, (max-width: 1000px) 100vw, 1000px\" \/><figcaption class=\"wp-element-caption\"><br><a rel=\"noreferrer noopener\" href=\"https:\/\/bougersurprescription.fr\/\" target=\"_blank\">https:\/\/bougersurprescription.fr\/<\/a><\/figcaption><\/figure>\n","protected":false},"excerpt":{"rendered":"<p>Ann\u00e9e 2025- 2026 : Reprise des s\u00e9ances le 08 septembre ! Vous pouvez adh\u00e9rer et payer en ligne, plus besoin de papier.<\/p>\n","protected":false},"author":2,"featured_media":0,"parent":0,"menu_order":1,"comment_status":"closed","ping_status":"closed","template":"","meta":{"footnotes":""},"class_list":["post-8","page","type-page","status-publish","hentry"],"_links":{"self":[{"href":"https:\/\/saintalbansportsante.fr\/index.php?rest_route=\/wp\/v2\/pages\/8","targetHints":{"allow":["GET"]}}],"collection":[{"href":"https:\/\/saintalbansportsante.fr\/index.php?rest_route=\/wp\/v2\/pages"}],"about":[{"href":"https:\/\/saintalbansportsante.fr\/index.php?rest_route=\/wp\/v2\/types\/page"}],"author":[{"embeddable":true,"href":"https:\/\/saintalbansportsante.fr\/index.php?rest_route=\/wp\/v2\/users\/2"}],"replies":[{"embeddable":true,"href":"https:\/\/saintalbansportsante.fr\/index.php?rest_route=%2Fwp%2Fv2%2Fcomments&post=8"}],"version-history":[{"count":5,"href":"https:\/\/saintalbansportsante.fr\/index.php?rest_route=\/wp\/v2\/pages\/8\/revisions"}],"predecessor-version":[{"id":643,"href":"https:\/\/saintalbansportsante.fr\/index.php?rest_route=\/wp\/v2\/pages\/8\/revisions\/643"}],"wp:attachment":[{"href":"https:\/\/saintalbansportsante.fr\/index.php?rest_route=%2Fwp%2Fv2%2Fmedia&parent=8"}],"curies":[{"name":"wp","href":"https:\/\/api.w.org\/{rel}","templated":true}]}}