{"id":92,"date":"2020-06-14T15:25:31","date_gmt":"2020-06-14T13:25:31","guid":{"rendered":"https:\/\/saintalbansportsante.wordpress.com\/?page_id=92"},"modified":"2025-09-19T11:11:54","modified_gmt":"2025-09-19T09:11:54","slug":"horaires-et-tarifs","status":"publish","type":"page","link":"https:\/\/saintalbansportsante.fr\/?page_id=92","title":{"rendered":"Horaires et Tarifs"},"content":{"rendered":"\n<p class=\"has-medium-font-size\"><span style=\"text-decoration:underline\">HORAIRES<\/span><\/p>\n\n\n\n<p class=\"has-medium-font-size\">pas de s\u00e9ances pendant les vacances scolaires<\/p>\n\n\n\n<p>Les horaires propos\u00e9s cette ann\u00e9e :<\/p>\n\n\n\n<div class=\"wp-block-group has-light-gray-background-color has-background is-layout-flow wp-block-group-is-layout-flow\">\n<p class=\"has-text-align-center has-large-font-size\"> Lundi 10h30 Benoit<\/p>\n\n\n\n<p class=\"has-text-align-center has-large-font-size\">Mercredi 17h30 Myriam <\/p>\n\n\n\n<p class=\"has-text-align-center has-large-font-size\">Jeudi 10h00 Thibault<\/p>\n<\/div>\n\n\n\n<p>Tarifs :<\/p>\n\n\n\n<p>-soit paiement semestriel ou annuel<\/p>\n\n\n\n<p>125 \u20ac de la rentr\u00e9e \u00e0 fin du mois de janvier (18 s\u00e9ances)<\/p>\n\n\n\n<p>125\u20ac du mois de f\u00e9vrier jusqu&rsquo;\u00e0 la fin de l&rsquo;ann\u00e9e scolaire. (17 s\u00e9ances)<\/p>\n\n\n\n<p>-Carnet nominatif de 10 tickets : 90\u20ac <\/p>\n\n\n\n<p>Pour adh\u00e9rer, c&rsquo;est ici : <a href=\"https:\/\/www.payasso.fr\/saintalbansportsante\/adhesion\">Adh\u00e9sion<\/a><\/p>\n\n\n\n<p><\/p>\n\n\n\n<p>Certaines mutuelles vous remboursent une partie.<\/p>\n\n\n\n<p>Voir la page exemples de Mutuelles. <a href=\"https:\/\/saintalbansportsante.fr\/?page_id=465\">liste de mutuelles<\/a><\/p>\n\n\n\n<p><\/p>\n\n\n\n<p><\/p>\n\n\n\n<p class=\"has-large-font-size\"><\/p>\n\n\n\n<p><\/p>\n\n\n\n<p class=\"has-large-font-size\"><\/p>\n\n\n\n<p><\/p>\n","protected":false},"excerpt":{"rendered":"<p>HORAIRES pas de s\u00e9ances pendant les vacances scolaires Les horaires propos\u00e9s cette ann\u00e9e : Lundi 10h30 Benoit Mercredi 17h30 Myriam Jeudi 10h00 Thibault Tarifs : -soit paiement semestriel ou annuel 125 \u20ac de la rentr\u00e9e \u00e0 fin du mois de janvier (18 s\u00e9ances) 125\u20ac du mois de f\u00e9vrier jusqu&rsquo;\u00e0 la fin de l&rsquo;ann\u00e9e scolaire. (17 [&hellip;]<\/p>\n","protected":false},"author":2,"featured_media":0,"parent":0,"menu_order":0,"comment_status":"closed","ping_status":"closed","template":"","meta":{"footnotes":""},"class_list":["post-92","page","type-page","status-publish","hentry"],"_links":{"self":[{"href":"https:\/\/saintalbansportsante.fr\/index.php?rest_route=\/wp\/v2\/pages\/92","targetHints":{"allow":["GET"]}}],"collection":[{"href":"https:\/\/saintalbansportsante.fr\/index.php?rest_route=\/wp\/v2\/pages"}],"about":[{"href":"https:\/\/saintalbansportsante.fr\/index.php?rest_route=\/wp\/v2\/types\/page"}],"author":[{"embeddable":true,"href":"https:\/\/saintalbansportsante.fr\/index.php?rest_route=\/wp\/v2\/users\/2"}],"replies":[{"embeddable":true,"href":"https:\/\/saintalbansportsante.fr\/index.php?rest_route=%2Fwp%2Fv2%2Fcomments&post=92"}],"version-history":[{"count":10,"href":"https:\/\/saintalbansportsante.fr\/index.php?rest_route=\/wp\/v2\/pages\/92\/revisions"}],"predecessor-version":[{"id":648,"href":"https:\/\/saintalbansportsante.fr\/index.php?rest_route=\/wp\/v2\/pages\/92\/revisions\/648"}],"wp:attachment":[{"href":"https:\/\/saintalbansportsante.fr\/index.php?rest_route=%2Fwp%2Fv2%2Fmedia&parent=92"}],"curies":[{"name":"wp","href":"https:\/\/api.w.org\/{rel}","templated":true}]}}